{"id":2339,"date":"2024-08-23T18:28:58","date_gmt":"2024-08-23T18:28:58","guid":{"rendered":"https:\/\/bigpowerbrasil.com.br\/site\/?post_type=product&#038;p=2339"},"modified":"2024-08-23T18:28:59","modified_gmt":"2024-08-23T18:28:59","slug":"multiuso-dia-a-dia-2-litros","status":"publish","type":"product","link":"https:\/\/bigpowerbrasil.com.br\/site\/produto\/multiuso-dia-a-dia-2-litros\/","title":{"rendered":"Multiuso Dia a Dia &#8211; 2 Litros"},"content":{"rendered":"<p>Solu\u00e7\u00e3o vers\u00e1til para limpeza eficiente de diversas superf\u00edcies. Remove sujeiras, gorduras e manchas com praticidade, deixando seu ambiente limpo e perfumado<\/p>\n","protected":false},"excerpt":{"rendered":"<p>Solu\u00e7\u00e3o vers\u00e1til para limpeza eficiente de diversas superf\u00edcies. Remove sujeiras, gorduras e manchas com praticidade, deixando seu ambiente limpo e perfumado<\/p>\n","protected":false},"featured_media":2340,"comment_status":"open","ping_status":"closed","template":"","meta":{"_et_pb_use_builder":"","_et_pb_old_content":"","_et_gb_content_width":""},"product_cat":[146],"product_tag":[],"class_list":{"0":"post-2339","1":"product","2":"type-product","3":"status-publish","4":"has-post-thumbnail","6":"product_cat-multiuso","8":"first","9":"instock","10":"sold-individually","11":"shipping-taxable","12":"product-type-simple"},"_links":{"self":[{"href":"https:\/\/bigpowerbrasil.com.br\/site\/wp-json\/wp\/v2\/product\/2339"}],"collection":[{"href":"https:\/\/bigpowerbrasil.com.br\/site\/wp-json\/wp\/v2\/product"}],"about":[{"href":"https:\/\/bigpowerbrasil.com.br\/site\/wp-json\/wp\/v2\/types\/product"}],"replies":[{"embeddable":true,"href":"https:\/\/bigpowerbrasil.com.br\/site\/wp-json\/wp\/v2\/comments?post=2339"}],"wp:featuredmedia":[{"embeddable":true,"href":"https:\/\/bigpowerbrasil.com.br\/site\/wp-json\/wp\/v2\/media\/2340"}],"wp:attachment":[{"href":"https:\/\/bigpowerbrasil.com.br\/site\/wp-json\/wp\/v2\/media?parent=2339"}],"wp:term":[{"taxonomy":"product_cat","embeddable":true,"href":"https:\/\/bigpowerbrasil.com.br\/site\/wp-json\/wp\/v2\/product_cat?post=2339"},{"taxonomy":"product_tag","embeddable":true,"href":"https:\/\/bigpowerbrasil.com.br\/site\/wp-json\/wp\/v2\/product_tag?post=2339"}],"curies":[{"name":"wp","href":"https:\/\/api.w.org\/{rel}","templated":true}]}}