{"id":2335,"date":"2024-08-23T18:23:08","date_gmt":"2024-08-23T18:23:08","guid":{"rendered":"https:\/\/bigpowerbrasil.com.br\/site\/?post_type=product&#038;p=2335"},"modified":"2024-08-23T18:23:09","modified_gmt":"2024-08-23T18:23:09","slug":"limpa-vidros-2-litros","status":"publish","type":"product","link":"https:\/\/bigpowerbrasil.com.br\/site\/produto\/limpa-vidros-2-litros\/","title":{"rendered":"Limpa Vidros &#8211; 2 Litros"},"content":{"rendered":"<p>F\u00f3rmula transparente que remove sujeiras, marcas e res\u00edduos com facilidade. Deixa os vidros e espelhos brilhantes e sem manchas, proporcionando uma vis\u00e3o clara e cristalina<\/p>\n","protected":false},"excerpt":{"rendered":"<p>F\u00f3rmula transparente que remove sujeiras, marcas e res\u00edduos com facilidade. Deixa os vidros e espelhos brilhantes e sem manchas, proporcionando uma vis\u00e3o clara e cristalina<\/p>\n","protected":false},"featured_media":2336,"comment_status":"open","ping_status":"closed","template":"","meta":{"_et_pb_use_builder":"","_et_pb_old_content":"","_et_gb_content_width":""},"product_cat":[164,23],"product_tag":[],"class_list":{"0":"post-2335","1":"product","2":"type-product","3":"status-publish","4":"has-post-thumbnail","6":"product_cat-limpa-vidros","7":"product_cat-produtos","9":"first","10":"instock","11":"sold-individually","12":"shipping-taxable","13":"product-type-simple"},"_links":{"self":[{"href":"https:\/\/bigpowerbrasil.com.br\/site\/wp-json\/wp\/v2\/product\/2335"}],"collection":[{"href":"https:\/\/bigpowerbrasil.com.br\/site\/wp-json\/wp\/v2\/product"}],"about":[{"href":"https:\/\/bigpowerbrasil.com.br\/site\/wp-json\/wp\/v2\/types\/product"}],"replies":[{"embeddable":true,"href":"https:\/\/bigpowerbrasil.com.br\/site\/wp-json\/wp\/v2\/comments?post=2335"}],"wp:featuredmedia":[{"embeddable":true,"href":"https:\/\/bigpowerbrasil.com.br\/site\/wp-json\/wp\/v2\/media\/2336"}],"wp:attachment":[{"href":"https:\/\/bigpowerbrasil.com.br\/site\/wp-json\/wp\/v2\/media?parent=2335"}],"wp:term":[{"taxonomy":"product_cat","embeddable":true,"href":"https:\/\/bigpowerbrasil.com.br\/site\/wp-json\/wp\/v2\/product_cat?post=2335"},{"taxonomy":"product_tag","embeddable":true,"href":"https:\/\/bigpowerbrasil.com.br\/site\/wp-json\/wp\/v2\/product_tag?post=2335"}],"curies":[{"name":"wp","href":"https:\/\/api.w.org\/{rel}","templated":true}]}}