{"id":2315,"date":"2024-08-23T17:47:20","date_gmt":"2024-08-23T17:47:20","guid":{"rendered":"https:\/\/bigpowerbrasil.com.br\/site\/?post_type=product&#038;p=2315"},"modified":"2024-08-23T17:47:22","modified_gmt":"2024-08-23T17:47:22","slug":"detergente-coco-5-litros","status":"publish","type":"product","link":"https:\/\/bigpowerbrasil.com.br\/site\/produto\/detergente-coco-5-litros\/","title":{"rendered":"Detergente Coco &#8211; 5 Litros"},"content":{"rendered":"<p>F\u00f3rmula suave e eficaz para limpeza de lou\u00e7as e superf\u00edcies. Remove sujeiras com facilidade, deixando um brilho impec\u00e1vel sem res\u00edduos. Ideal para quem busca qualidade e praticidade no dia a dia.<\/p>\n","protected":false},"excerpt":{"rendered":"<p>F\u00f3rmula suave e eficaz para limpeza de lou\u00e7as e superf\u00edcies. Remove sujeiras com facilidade, deixando um brilho impec\u00e1vel sem res\u00edduos. Ideal para quem busca qualidade e praticidade no dia a dia.<\/p>\n","protected":false},"featured_media":2316,"comment_status":"open","ping_status":"closed","template":"","meta":{"_et_pb_use_builder":"","_et_pb_old_content":"","_et_gb_content_width":""},"product_cat":[144],"product_tag":[],"class_list":{"0":"post-2315","1":"product","2":"type-product","3":"status-publish","4":"has-post-thumbnail","6":"product_cat-detergente","8":"first","9":"instock","10":"sold-individually","11":"shipping-taxable","12":"product-type-simple"},"_links":{"self":[{"href":"https:\/\/bigpowerbrasil.com.br\/site\/wp-json\/wp\/v2\/product\/2315"}],"collection":[{"href":"https:\/\/bigpowerbrasil.com.br\/site\/wp-json\/wp\/v2\/product"}],"about":[{"href":"https:\/\/bigpowerbrasil.com.br\/site\/wp-json\/wp\/v2\/types\/product"}],"replies":[{"embeddable":true,"href":"https:\/\/bigpowerbrasil.com.br\/site\/wp-json\/wp\/v2\/comments?post=2315"}],"wp:featuredmedia":[{"embeddable":true,"href":"https:\/\/bigpowerbrasil.com.br\/site\/wp-json\/wp\/v2\/media\/2316"}],"wp:attachment":[{"href":"https:\/\/bigpowerbrasil.com.br\/site\/wp-json\/wp\/v2\/media?parent=2315"}],"wp:term":[{"taxonomy":"product_cat","embeddable":true,"href":"https:\/\/bigpowerbrasil.com.br\/site\/wp-json\/wp\/v2\/product_cat?post=2315"},{"taxonomy":"product_tag","embeddable":true,"href":"https:\/\/bigpowerbrasil.com.br\/site\/wp-json\/wp\/v2\/product_tag?post=2315"}],"curies":[{"name":"wp","href":"https:\/\/api.w.org\/{rel}","templated":true}]}}