{"id":2301,"date":"2024-08-23T17:27:24","date_gmt":"2024-08-23T17:27:24","guid":{"rendered":"https:\/\/bigpowerbrasil.com.br\/site\/?post_type=product&#038;p=2301"},"modified":"2024-08-23T17:27:25","modified_gmt":"2024-08-23T17:27:25","slug":"black-power-500-ml","status":"publish","type":"product","link":"https:\/\/bigpowerbrasil.com.br\/site\/produto\/black-power-500-ml\/","title":{"rendered":"Black Power &#8211; 500 ml"},"content":{"rendered":"<p>Renova e real\u00e7a o brilho dos pneus, proporcionando aspecto de novo por mais tempo. F\u00f3rmula de f\u00e1cil aplica\u00e7\u00e3o que protege contra rachaduras e desbotamento, mantendo seu ve\u00edculo sempre impec\u00e1vel.<\/p>\n","protected":false},"excerpt":{"rendered":"<p>Renova e real\u00e7a o brilho dos pneus, proporcionando aspecto de novo por mais tempo. F\u00f3rmula de f\u00e1cil aplica\u00e7\u00e3o que protege contra rachaduras e desbotamento, mantendo seu ve\u00edculo sempre impec\u00e1vel.<\/p>\n","protected":false},"featured_media":2302,"comment_status":"open","ping_status":"closed","template":"","meta":{"_et_pb_use_builder":"","_et_pb_old_content":"","_et_gb_content_width":""},"product_cat":[160],"product_tag":[],"class_list":{"0":"post-2301","1":"product","2":"type-product","3":"status-publish","4":"has-post-thumbnail","6":"product_cat-linha-automotiva","8":"first","9":"instock","10":"sold-individually","11":"shipping-taxable","12":"product-type-simple"},"_links":{"self":[{"href":"https:\/\/bigpowerbrasil.com.br\/site\/wp-json\/wp\/v2\/product\/2301"}],"collection":[{"href":"https:\/\/bigpowerbrasil.com.br\/site\/wp-json\/wp\/v2\/product"}],"about":[{"href":"https:\/\/bigpowerbrasil.com.br\/site\/wp-json\/wp\/v2\/types\/product"}],"replies":[{"embeddable":true,"href":"https:\/\/bigpowerbrasil.com.br\/site\/wp-json\/wp\/v2\/comments?post=2301"}],"wp:featuredmedia":[{"embeddable":true,"href":"https:\/\/bigpowerbrasil.com.br\/site\/wp-json\/wp\/v2\/media\/2302"}],"wp:attachment":[{"href":"https:\/\/bigpowerbrasil.com.br\/site\/wp-json\/wp\/v2\/media?parent=2301"}],"wp:term":[{"taxonomy":"product_cat","embeddable":true,"href":"https:\/\/bigpowerbrasil.com.br\/site\/wp-json\/wp\/v2\/product_cat?post=2301"},{"taxonomy":"product_tag","embeddable":true,"href":"https:\/\/bigpowerbrasil.com.br\/site\/wp-json\/wp\/v2\/product_tag?post=2301"}],"curies":[{"name":"wp","href":"https:\/\/api.w.org\/{rel}","templated":true}]}}