{"id":2292,"date":"2024-08-23T17:13:28","date_gmt":"2024-08-23T17:13:28","guid":{"rendered":"https:\/\/bigpowerbrasil.com.br\/site\/?post_type=product&#038;p=2292"},"modified":"2024-08-23T17:13:31","modified_gmt":"2024-08-23T17:13:31","slug":"amoniacal-5-litros","status":"publish","type":"product","link":"https:\/\/bigpowerbrasil.com.br\/site\/produto\/amoniacal-5-litros\/","title":{"rendered":"Amoniacal &#8211; 5 Litros"},"content":{"rendered":"<p>Limpeza profunda e desinfec\u00e7\u00e3o eficaz em superf\u00edcies diversas. Ideal para eliminar sujeiras dif\u00edceis e odores fortes, garantindo um ambiente higienizado e fresco<\/p>\n","protected":false},"excerpt":{"rendered":"<p>Limpeza profunda e desinfec\u00e7\u00e3o eficaz em superf\u00edcies diversas. Ideal para eliminar sujeiras dif\u00edceis e odores fortes, garantindo um ambiente higienizado e fresco<\/p>\n","protected":false},"featured_media":2293,"comment_status":"open","ping_status":"closed","template":"","meta":{"_et_pb_use_builder":"","_et_pb_old_content":"","_et_gb_content_width":""},"product_cat":[162],"product_tag":[],"class_list":{"0":"post-2292","1":"product","2":"type-product","3":"status-publish","4":"has-post-thumbnail","6":"product_cat-amoniacal","8":"first","9":"instock","10":"sold-individually","11":"shipping-taxable","12":"product-type-simple"},"_links":{"self":[{"href":"https:\/\/bigpowerbrasil.com.br\/site\/wp-json\/wp\/v2\/product\/2292"}],"collection":[{"href":"https:\/\/bigpowerbrasil.com.br\/site\/wp-json\/wp\/v2\/product"}],"about":[{"href":"https:\/\/bigpowerbrasil.com.br\/site\/wp-json\/wp\/v2\/types\/product"}],"replies":[{"embeddable":true,"href":"https:\/\/bigpowerbrasil.com.br\/site\/wp-json\/wp\/v2\/comments?post=2292"}],"wp:featuredmedia":[{"embeddable":true,"href":"https:\/\/bigpowerbrasil.com.br\/site\/wp-json\/wp\/v2\/media\/2293"}],"wp:attachment":[{"href":"https:\/\/bigpowerbrasil.com.br\/site\/wp-json\/wp\/v2\/media?parent=2292"}],"wp:term":[{"taxonomy":"product_cat","embeddable":true,"href":"https:\/\/bigpowerbrasil.com.br\/site\/wp-json\/wp\/v2\/product_cat?post=2292"},{"taxonomy":"product_tag","embeddable":true,"href":"https:\/\/bigpowerbrasil.com.br\/site\/wp-json\/wp\/v2\/product_tag?post=2292"}],"curies":[{"name":"wp","href":"https:\/\/api.w.org\/{rel}","templated":true}]}}