{"id":2287,"date":"2024-08-23T16:56:47","date_gmt":"2024-08-23T16:56:47","guid":{"rendered":"https:\/\/bigpowerbrasil.com.br\/site\/?post_type=product&#038;p=2287"},"modified":"2024-08-23T16:56:48","modified_gmt":"2024-08-23T16:56:48","slug":"amaciante-lirios-do-campo-5-litros","status":"publish","type":"product","link":"https:\/\/bigpowerbrasil.com.br\/site\/produto\/amaciante-lirios-do-campo-5-litros\/","title":{"rendered":"Amaciante L\u00edrios do Campo &#8211; 5 Litros"},"content":{"rendered":"<p>A linha de amaciantes BIG POWER \u00e9 completa em todos os sentidos. S\u00e3o quatro fragr\u00e2ncias para deixar suas roupas perfumadas, em embalagens de 2 e 5 litros. Escolha a vers\u00e3o que tem mais a ver com voc\u00ea ou com sua fam\u00edlia e tenha a certeza de ter as roupas sempre macias e perfumadas!<\/p>\n","protected":false},"excerpt":{"rendered":"<p>A linha de amaciantes BIG POWER \u00e9 completa em todos os sentidos. S\u00e3o quatro fragr\u00e2ncias para deixar suas roupas perfumadas, em embalagens de 2 e 5 litros. Escolha a vers\u00e3o que tem mais a ver com voc\u00ea ou com sua fam\u00edlia e tenha a certeza de ter as roupas sempre macias e perfumadas!<\/p>\n","protected":false},"featured_media":2288,"comment_status":"open","ping_status":"closed","template":"","meta":{"_et_pb_use_builder":"","_et_pb_old_content":"","_et_gb_content_width":""},"product_cat":[145],"product_tag":[],"class_list":{"0":"post-2287","1":"product","2":"type-product","3":"status-publish","4":"has-post-thumbnail","6":"product_cat-amaciante","8":"first","9":"instock","10":"sold-individually","11":"shipping-taxable","12":"product-type-simple"},"_links":{"self":[{"href":"https:\/\/bigpowerbrasil.com.br\/site\/wp-json\/wp\/v2\/product\/2287"}],"collection":[{"href":"https:\/\/bigpowerbrasil.com.br\/site\/wp-json\/wp\/v2\/product"}],"about":[{"href":"https:\/\/bigpowerbrasil.com.br\/site\/wp-json\/wp\/v2\/types\/product"}],"replies":[{"embeddable":true,"href":"https:\/\/bigpowerbrasil.com.br\/site\/wp-json\/wp\/v2\/comments?post=2287"}],"wp:featuredmedia":[{"embeddable":true,"href":"https:\/\/bigpowerbrasil.com.br\/site\/wp-json\/wp\/v2\/media\/2288"}],"wp:attachment":[{"href":"https:\/\/bigpowerbrasil.com.br\/site\/wp-json\/wp\/v2\/media?parent=2287"}],"wp:term":[{"taxonomy":"product_cat","embeddable":true,"href":"https:\/\/bigpowerbrasil.com.br\/site\/wp-json\/wp\/v2\/product_cat?post=2287"},{"taxonomy":"product_tag","embeddable":true,"href":"https:\/\/bigpowerbrasil.com.br\/site\/wp-json\/wp\/v2\/product_tag?post=2287"}],"curies":[{"name":"wp","href":"https:\/\/api.w.org\/{rel}","templated":true}]}}