{"id":2264,"date":"2024-08-22T16:50:56","date_gmt":"2024-08-22T16:50:56","guid":{"rendered":"https:\/\/bigpowerbrasil.com.br\/site\/?post_type=product&#038;p=2264"},"modified":"2024-08-22T16:55:29","modified_gmt":"2024-08-22T16:55:29","slug":"alcool-46-1l","status":"publish","type":"product","link":"https:\/\/bigpowerbrasil.com.br\/site\/produto\/alcool-46-1l\/","title":{"rendered":"\u00c1lcool 46\u00b0 -1L"},"content":{"rendered":"<div dir=\"auto\">BIG POWER entende o seu dia a dia e sabe que uma casa livre de germes e bact\u00e9rias tamb\u00e9m \u00e9 uma quest\u00e3o de sa\u00fade familiar. Os \u00e1lcool s\u00e3o pensados para quem precisa de facilidade, comodidade e qualidade. Eles limpam, desinfetam e perfumam ao mesmo tempo.<\/div>\n","protected":false},"excerpt":{"rendered":"<p>BIG POWER entende o seu dia a dia e sabe que uma casa livre de germes e bact\u00e9rias tamb\u00e9m \u00e9 uma quest\u00e3o de sa\u00fade familiar. Os \u00e1lcool s\u00e3o pensados para quem precisa de facilidade, comodidade e qualidade. Eles limpam, desinfetam e perfumam ao mesmo tempo.<\/p>\n","protected":false},"featured_media":2266,"comment_status":"open","ping_status":"closed","template":"","meta":{"_et_pb_use_builder":"","_et_pb_old_content":"","_et_gb_content_width":""},"product_cat":[137],"product_tag":[],"class_list":{"0":"post-2264","1":"product","2":"type-product","3":"status-publish","4":"has-post-thumbnail","6":"product_cat-alcool","8":"first","9":"instock","10":"sold-individually","11":"shipping-taxable","12":"product-type-simple"},"_links":{"self":[{"href":"https:\/\/bigpowerbrasil.com.br\/site\/wp-json\/wp\/v2\/product\/2264"}],"collection":[{"href":"https:\/\/bigpowerbrasil.com.br\/site\/wp-json\/wp\/v2\/product"}],"about":[{"href":"https:\/\/bigpowerbrasil.com.br\/site\/wp-json\/wp\/v2\/types\/product"}],"replies":[{"embeddable":true,"href":"https:\/\/bigpowerbrasil.com.br\/site\/wp-json\/wp\/v2\/comments?post=2264"}],"wp:featuredmedia":[{"embeddable":true,"href":"https:\/\/bigpowerbrasil.com.br\/site\/wp-json\/wp\/v2\/media\/2266"}],"wp:attachment":[{"href":"https:\/\/bigpowerbrasil.com.br\/site\/wp-json\/wp\/v2\/media?parent=2264"}],"wp:term":[{"taxonomy":"product_cat","embeddable":true,"href":"https:\/\/bigpowerbrasil.com.br\/site\/wp-json\/wp\/v2\/product_cat?post=2264"},{"taxonomy":"product_tag","embeddable":true,"href":"https:\/\/bigpowerbrasil.com.br\/site\/wp-json\/wp\/v2\/product_tag?post=2264"}],"curies":[{"name":"wp","href":"https:\/\/api.w.org\/{rel}","templated":true}]}}