{"id":2022,"date":"2022-05-04T13:34:16","date_gmt":"2022-05-04T13:34:16","guid":{"rendered":"https:\/\/bigpowerbrasil.com.br\/site\/?post_type=product&#038;p=2022"},"modified":"2023-04-05T14:17:42","modified_gmt":"2023-04-05T14:17:42","slug":"alcool-46o-2l","status":"publish","type":"product","link":"https:\/\/bigpowerbrasil.com.br\/site\/produto\/alcool-46o-2l\/","title":{"rendered":"\u00c1lcool 46\u00ba &#8211; 2L"},"content":{"rendered":"<div dir=\"auto\">BIG POWER entende o seu dia a dia e sabe que uma casa livre de germes e bact\u00e9rias tamb\u00e9m \u00e9 uma quest\u00e3o de sa\u00fade familiar.<\/div>\n<div dir=\"auto\">Os \u00e1lcool s\u00e3o pensados para quem precisa de facilidade, comodidade e qualidade. Eles limpam, desinfetam e perfumam ao mesmo tempo.<\/div>\n","protected":false},"excerpt":{"rendered":"<p>BIG POWER entende o seu dia a dia e sabe que uma casa livre de germes e bact\u00e9rias tamb\u00e9m \u00e9 uma quest\u00e3o de sa\u00fade familiar. Os \u00e1lcool s\u00e3o pensados para quem precisa de facilidade, comodidade e qualidade. Eles limpam, desinfetam e perfumam ao mesmo tempo.<\/p>\n","protected":false},"featured_media":2023,"comment_status":"open","ping_status":"closed","template":"","meta":{"_et_pb_use_builder":"","_et_pb_old_content":"","_et_gb_content_width":""},"product_cat":[137],"product_tag":[],"class_list":{"0":"post-2022","1":"product","2":"type-product","3":"status-publish","4":"has-post-thumbnail","6":"product_cat-alcool","8":"first","9":"instock","10":"sold-individually","11":"shipping-taxable","12":"purchasable","13":"product-type-simple"},"_links":{"self":[{"href":"https:\/\/bigpowerbrasil.com.br\/site\/wp-json\/wp\/v2\/product\/2022"}],"collection":[{"href":"https:\/\/bigpowerbrasil.com.br\/site\/wp-json\/wp\/v2\/product"}],"about":[{"href":"https:\/\/bigpowerbrasil.com.br\/site\/wp-json\/wp\/v2\/types\/product"}],"replies":[{"embeddable":true,"href":"https:\/\/bigpowerbrasil.com.br\/site\/wp-json\/wp\/v2\/comments?post=2022"}],"wp:featuredmedia":[{"embeddable":true,"href":"https:\/\/bigpowerbrasil.com.br\/site\/wp-json\/wp\/v2\/media\/2023"}],"wp:attachment":[{"href":"https:\/\/bigpowerbrasil.com.br\/site\/wp-json\/wp\/v2\/media?parent=2022"}],"wp:term":[{"taxonomy":"product_cat","embeddable":true,"href":"https:\/\/bigpowerbrasil.com.br\/site\/wp-json\/wp\/v2\/product_cat?post=2022"},{"taxonomy":"product_tag","embeddable":true,"href":"https:\/\/bigpowerbrasil.com.br\/site\/wp-json\/wp\/v2\/product_tag?post=2022"}],"curies":[{"name":"wp","href":"https:\/\/api.w.org\/{rel}","templated":true}]}}