{"id":1985,"date":"2022-03-23T19:38:57","date_gmt":"2022-03-23T19:38:57","guid":{"rendered":"https:\/\/bigpowerbrasil.com.br\/site\/?post_type=product&#038;p=1985"},"modified":"2022-03-23T19:44:28","modified_gmt":"2022-03-23T19:44:28","slug":"desinfetante-eucalipto-2-litros","status":"publish","type":"product","link":"https:\/\/bigpowerbrasil.com.br\/site\/produto\/desinfetante-eucalipto-2-litros\/","title":{"rendered":"Desinfetante &#8211; Eucalipto &#8211; 2 Litros"},"content":{"rendered":"<p>BIG POWER entende o seu dia a dia e sabe que uma casa livre de germes e bact\u00e9rias tamb\u00e9m \u00e9 uma quest\u00e3o de sa\u00fade familiar.<\/p>\n<p>Os desinfetantes s\u00e3o pensados para quem precisa de facilidade, comodidade e qualidade. Eles limpam, desinfetam e perfumam ao mesmo tempo.<\/p>\n","protected":false},"excerpt":{"rendered":"<p>Compre j\u00e1 o seu produto BigPower!<br \/>\nGarantia e qualidade, a for\u00e7a da limpeza!<\/p>\n","protected":false},"featured_media":1986,"comment_status":"open","ping_status":"closed","template":"","meta":{"_et_pb_use_builder":"","_et_pb_old_content":"","_et_gb_content_width":""},"product_cat":[139],"product_tag":[],"class_list":{"0":"post-1985","1":"product","2":"type-product","3":"status-publish","4":"has-post-thumbnail","6":"product_cat-desinfetante","8":"first","9":"instock","10":"sold-individually","11":"shipping-taxable","12":"purchasable","13":"product-type-simple"},"_links":{"self":[{"href":"https:\/\/bigpowerbrasil.com.br\/site\/wp-json\/wp\/v2\/product\/1985"}],"collection":[{"href":"https:\/\/bigpowerbrasil.com.br\/site\/wp-json\/wp\/v2\/product"}],"about":[{"href":"https:\/\/bigpowerbrasil.com.br\/site\/wp-json\/wp\/v2\/types\/product"}],"replies":[{"embeddable":true,"href":"https:\/\/bigpowerbrasil.com.br\/site\/wp-json\/wp\/v2\/comments?post=1985"}],"wp:featuredmedia":[{"embeddable":true,"href":"https:\/\/bigpowerbrasil.com.br\/site\/wp-json\/wp\/v2\/media\/1986"}],"wp:attachment":[{"href":"https:\/\/bigpowerbrasil.com.br\/site\/wp-json\/wp\/v2\/media?parent=1985"}],"wp:term":[{"taxonomy":"product_cat","embeddable":true,"href":"https:\/\/bigpowerbrasil.com.br\/site\/wp-json\/wp\/v2\/product_cat?post=1985"},{"taxonomy":"product_tag","embeddable":true,"href":"https:\/\/bigpowerbrasil.com.br\/site\/wp-json\/wp\/v2\/product_tag?post=1985"}],"curies":[{"name":"wp","href":"https:\/\/api.w.org\/{rel}","templated":true}]}}