{"id":1971,"date":"2022-03-23T19:19:34","date_gmt":"2022-03-23T19:19:34","guid":{"rendered":"https:\/\/bigpowerbrasil.com.br\/site\/?post_type=product&#038;p=1971"},"modified":"2022-03-23T19:20:12","modified_gmt":"2022-03-23T19:20:12","slug":"lava-roupas-liquido-branco-total-5-litros","status":"publish","type":"product","link":"https:\/\/bigpowerbrasil.com.br\/site\/produto\/lava-roupas-liquido-branco-total-5-litros\/","title":{"rendered":"Lava Roupas L\u00edquido &#8211; Branco Total &#8211; 5 Litros"},"content":{"rendered":"<p>Cada pessoa tem o seu estilo na hora de lavar as roupas e os Lava Roupas BIG POWER est\u00e3o prontos para atender qualquer tipo de exig\u00eancia!<\/p>\n<p>Na vers\u00e3o l\u00edquida, os Lava Roupas BIG POWER s\u00e3o o toque extra de aroma e efici\u00eancia que voc\u00ea est\u00e1 buscando.<\/p>\n","protected":false},"excerpt":{"rendered":"<p>Compre j\u00e1 o seu produto BigPower!<br \/>\nGarantia e qualidade, a for\u00e7a da limpeza!<\/p>\n","protected":false},"featured_media":1972,"comment_status":"open","ping_status":"closed","template":"","meta":{"_et_pb_use_builder":"","_et_pb_old_content":"","_et_gb_content_width":""},"product_cat":[138],"product_tag":[],"class_list":{"0":"post-1971","1":"product","2":"type-product","3":"status-publish","4":"has-post-thumbnail","6":"product_cat-lavaroupas","8":"first","9":"instock","10":"sold-individually","11":"shipping-taxable","12":"purchasable","13":"product-type-simple"},"_links":{"self":[{"href":"https:\/\/bigpowerbrasil.com.br\/site\/wp-json\/wp\/v2\/product\/1971"}],"collection":[{"href":"https:\/\/bigpowerbrasil.com.br\/site\/wp-json\/wp\/v2\/product"}],"about":[{"href":"https:\/\/bigpowerbrasil.com.br\/site\/wp-json\/wp\/v2\/types\/product"}],"replies":[{"embeddable":true,"href":"https:\/\/bigpowerbrasil.com.br\/site\/wp-json\/wp\/v2\/comments?post=1971"}],"wp:featuredmedia":[{"embeddable":true,"href":"https:\/\/bigpowerbrasil.com.br\/site\/wp-json\/wp\/v2\/media\/1972"}],"wp:attachment":[{"href":"https:\/\/bigpowerbrasil.com.br\/site\/wp-json\/wp\/v2\/media?parent=1971"}],"wp:term":[{"taxonomy":"product_cat","embeddable":true,"href":"https:\/\/bigpowerbrasil.com.br\/site\/wp-json\/wp\/v2\/product_cat?post=1971"},{"taxonomy":"product_tag","embeddable":true,"href":"https:\/\/bigpowerbrasil.com.br\/site\/wp-json\/wp\/v2\/product_tag?post=1971"}],"curies":[{"name":"wp","href":"https:\/\/api.w.org\/{rel}","templated":true}]}}