{"id":1825,"date":"2022-03-02T23:31:59","date_gmt":"2022-03-02T23:31:59","guid":{"rendered":"https:\/\/bigpowerbrasil.com.br\/site\/?post_type=product&#038;p=1825"},"modified":"2024-08-23T17:44:33","modified_gmt":"2024-08-23T17:44:33","slug":"detergente-neutro-5-litros","status":"publish","type":"product","link":"https:\/\/bigpowerbrasil.com.br\/site\/produto\/detergente-neutro-5-litros\/","title":{"rendered":"Detergente &#8211; Neutro &#8211; 5 Litros"},"content":{"rendered":"<p>F\u00f3rmula suave e eficaz para limpeza de lou\u00e7as e superf\u00edcies. Remove sujeiras com facilidade, deixando um brilho impec\u00e1vel sem res\u00edduos. Ideal para quem busca qualidade e praticidade no dia a dia.<\/p>\n","protected":false},"excerpt":{"rendered":"<p>Compre j\u00e1 o seu produto BigPower!<br \/>\nGarantia e qualidade, a for\u00e7a da limpeza!<\/p>\n","protected":false},"featured_media":1949,"comment_status":"open","ping_status":"closed","template":"","meta":{"_et_pb_use_builder":"","_et_pb_old_content":"","_et_gb_content_width":""},"product_cat":[144],"product_tag":[],"class_list":{"0":"post-1825","1":"product","2":"type-product","3":"status-publish","4":"has-post-thumbnail","6":"product_cat-detergente","8":"first","9":"instock","10":"sold-individually","11":"shipping-taxable","12":"purchasable","13":"product-type-simple"},"_links":{"self":[{"href":"https:\/\/bigpowerbrasil.com.br\/site\/wp-json\/wp\/v2\/product\/1825"}],"collection":[{"href":"https:\/\/bigpowerbrasil.com.br\/site\/wp-json\/wp\/v2\/product"}],"about":[{"href":"https:\/\/bigpowerbrasil.com.br\/site\/wp-json\/wp\/v2\/types\/product"}],"replies":[{"embeddable":true,"href":"https:\/\/bigpowerbrasil.com.br\/site\/wp-json\/wp\/v2\/comments?post=1825"}],"wp:featuredmedia":[{"embeddable":true,"href":"https:\/\/bigpowerbrasil.com.br\/site\/wp-json\/wp\/v2\/media\/1949"}],"wp:attachment":[{"href":"https:\/\/bigpowerbrasil.com.br\/site\/wp-json\/wp\/v2\/media?parent=1825"}],"wp:term":[{"taxonomy":"product_cat","embeddable":true,"href":"https:\/\/bigpowerbrasil.com.br\/site\/wp-json\/wp\/v2\/product_cat?post=1825"},{"taxonomy":"product_tag","embeddable":true,"href":"https:\/\/bigpowerbrasil.com.br\/site\/wp-json\/wp\/v2\/product_tag?post=1825"}],"curies":[{"name":"wp","href":"https:\/\/api.w.org\/{rel}","templated":true}]}}