{"id":1819,"date":"2022-03-02T23:28:42","date_gmt":"2022-03-02T23:28:42","guid":{"rendered":"https:\/\/bigpowerbrasil.com.br\/site\/?post_type=product&#038;p=1819"},"modified":"2023-04-05T14:31:00","modified_gmt":"2023-04-05T14:31:00","slug":"detergente-clear-5-litros","status":"publish","type":"product","link":"https:\/\/bigpowerbrasil.com.br\/site\/produto\/detergente-clear-5-litros\/","title":{"rendered":"Detergente &#8211; Clear &#8211; 5 Litros"},"content":{"rendered":"<p>O Detergente Clear \u00e9 uma op\u00e7\u00e3o de limpeza eficaz e econ\u00f4mica, ideal para uso dom\u00e9stico ou comercial. \u00c9 um produto confi\u00e1vel que pode ajudar a manter a limpeza e a higiene em sua casa, escrit\u00f3rio, restaurante ou outro local de neg\u00f3cios.<\/p>\n","protected":false},"excerpt":{"rendered":"<p>Compre j\u00e1 o seu produto BigPower!<br \/>\nGarantia e qualidade, a for\u00e7a da limpeza!<\/p>\n","protected":false},"featured_media":1955,"comment_status":"open","ping_status":"closed","template":"","meta":{"_et_pb_use_builder":"","_et_pb_old_content":"","_et_gb_content_width":""},"product_cat":[144],"product_tag":[],"class_list":{"0":"post-1819","1":"product","2":"type-product","3":"status-publish","4":"has-post-thumbnail","6":"product_cat-detergente","8":"first","9":"instock","10":"sold-individually","11":"shipping-taxable","12":"purchasable","13":"product-type-simple"},"_links":{"self":[{"href":"https:\/\/bigpowerbrasil.com.br\/site\/wp-json\/wp\/v2\/product\/1819"}],"collection":[{"href":"https:\/\/bigpowerbrasil.com.br\/site\/wp-json\/wp\/v2\/product"}],"about":[{"href":"https:\/\/bigpowerbrasil.com.br\/site\/wp-json\/wp\/v2\/types\/product"}],"replies":[{"embeddable":true,"href":"https:\/\/bigpowerbrasil.com.br\/site\/wp-json\/wp\/v2\/comments?post=1819"}],"wp:featuredmedia":[{"embeddable":true,"href":"https:\/\/bigpowerbrasil.com.br\/site\/wp-json\/wp\/v2\/media\/1955"}],"wp:attachment":[{"href":"https:\/\/bigpowerbrasil.com.br\/site\/wp-json\/wp\/v2\/media?parent=1819"}],"wp:term":[{"taxonomy":"product_cat","embeddable":true,"href":"https:\/\/bigpowerbrasil.com.br\/site\/wp-json\/wp\/v2\/product_cat?post=1819"},{"taxonomy":"product_tag","embeddable":true,"href":"https:\/\/bigpowerbrasil.com.br\/site\/wp-json\/wp\/v2\/product_tag?post=1819"}],"curies":[{"name":"wp","href":"https:\/\/api.w.org\/{rel}","templated":true}]}}