{"id":1799,"date":"2022-03-02T20:01:42","date_gmt":"2022-03-02T20:01:42","guid":{"rendered":"https:\/\/bigpowerbrasil.com.br\/site\/?post_type=product&#038;p=1799"},"modified":"2022-03-23T19:03:27","modified_gmt":"2022-03-23T19:03:27","slug":"alcool-70o-5-litros","status":"publish","type":"product","link":"https:\/\/bigpowerbrasil.com.br\/site\/produto\/alcool-70o-5-litros\/","title":{"rendered":"\u00c1lcool 70\u00ba &#8211; 5 Litros"},"content":{"rendered":"<p>O \u00c1lcool 70% \u00a0\u00e9 ideal para higienizar objetos e superf\u00edcies da sua casa, como celular, controle remoto, mesas e bancadas.<\/p>\n<p>A composi\u00e7\u00e3o com \u00e1lcool 70\u00ba INPM evita que o \u00e1lcool evapore, garantindo prote\u00e7\u00e3o por mais tempo.<\/p>\n","protected":false},"excerpt":{"rendered":"<p>Compre j\u00e1 o seu produto BigPower!<br \/>\nGarantia e qualidade, a for\u00e7a da limpeza!<\/p>\n","protected":false},"featured_media":1964,"comment_status":"open","ping_status":"closed","template":"","meta":{"_et_pb_use_builder":"","_et_pb_old_content":"","_et_gb_content_width":""},"product_cat":[137],"product_tag":[],"class_list":{"0":"post-1799","1":"product","2":"type-product","3":"status-publish","4":"has-post-thumbnail","6":"product_cat-alcool","8":"first","9":"instock","10":"sold-individually","11":"shipping-taxable","12":"purchasable","13":"product-type-simple"},"_links":{"self":[{"href":"https:\/\/bigpowerbrasil.com.br\/site\/wp-json\/wp\/v2\/product\/1799"}],"collection":[{"href":"https:\/\/bigpowerbrasil.com.br\/site\/wp-json\/wp\/v2\/product"}],"about":[{"href":"https:\/\/bigpowerbrasil.com.br\/site\/wp-json\/wp\/v2\/types\/product"}],"replies":[{"embeddable":true,"href":"https:\/\/bigpowerbrasil.com.br\/site\/wp-json\/wp\/v2\/comments?post=1799"}],"wp:featuredmedia":[{"embeddable":true,"href":"https:\/\/bigpowerbrasil.com.br\/site\/wp-json\/wp\/v2\/media\/1964"}],"wp:attachment":[{"href":"https:\/\/bigpowerbrasil.com.br\/site\/wp-json\/wp\/v2\/media?parent=1799"}],"wp:term":[{"taxonomy":"product_cat","embeddable":true,"href":"https:\/\/bigpowerbrasil.com.br\/site\/wp-json\/wp\/v2\/product_cat?post=1799"},{"taxonomy":"product_tag","embeddable":true,"href":"https:\/\/bigpowerbrasil.com.br\/site\/wp-json\/wp\/v2\/product_tag?post=1799"}],"curies":[{"name":"wp","href":"https:\/\/api.w.org\/{rel}","templated":true}]}}